{"id":13101,"date":"2024-04-15T13:56:56","date_gmt":"2024-04-15T10:56:56","guid":{"rendered":"https:\/\/gratitudeservices.com\/?page_id=13101"},"modified":"2024-07-24T12:41:35","modified_gmt":"2024-07-24T09:41:35","slug":"cemeteries-with-digital-maps","status":"publish","type":"page","link":"https:\/\/kalmula.ee\/en\/cemeteries-with-digital-maps\/","title":{"rendered":"Cemeteries with digital maps"},"content":{"rendered":"\n<figure class=\"wp-block-table\"><table class=\"\"><tbody><tr><td><strong>Cemetery<\/strong><\/td><td><strong>County<\/strong><\/td><\/tr><tr><td>Aegviidu New Cemetery<\/td><td>Harjumaa<\/td><\/tr><tr><td>Aegviidu Old Cemetery<\/td><td>Harjumaa<\/td><\/tr><tr><td>Alaj\u00f5e Cemetery<\/td><td>Ida-Virumaa<\/td><\/tr><tr><td>Ambla Cemetery<\/td><td>J\u00e4rvamaa<\/td><\/tr><tr><td>Ao Cemetery<\/td><td>L\u00e4\u00e4ne-Virumaa<\/td><\/tr><tr><td>Audru Cemetery<\/td><td>P\u00e4rnumaa<\/td><\/tr><tr><td>Avinurme Cemetery<\/td><td>J\u00f5gevamaa<\/td><\/tr><tr><td>Elva Cemetery<\/td><td>Tartumaa<\/td><\/tr><tr><td>Haapsalu Cemetery<\/td><td>L\u00e4\u00e4nemaa<\/td><\/tr><tr><td>Haapsalu Old Cemetery<\/td><td>L\u00e4\u00e4nemaa<\/td><\/tr><tr><td>Halliste Cemetery<\/td><td>Viljandimaa<\/td><\/tr><tr><td>Hargla Cemetery<\/td><td>Valgamaa<\/td><\/tr><tr><td>Helme Cemetery<\/td><td>Valgamaa<\/td><\/tr><tr><td>Iisaku Cemetery<\/td><td>Ida-Virumaa<\/td><\/tr><tr><td>Illuka Cemetery<\/td><td>Ida-Virumaa<\/td><\/tr><tr><td>Jaama Cemetery<\/td><td>Ida-Virumaa<\/td><\/tr><tr><td>J\u00f5el\u00e4htme Cemetery<\/td><td>Harjumaa<\/td><\/tr><tr><td>J\u00fcri Cemetery<\/td><td>Harjumaa<\/td><\/tr><tr><td>J\u00fcri Church Cemetery<\/td><td>Harjumaa<\/td><\/tr><tr><td>Kaarma Cemetery<\/td><td>Saaremaa<\/td><\/tr><tr><td>Karjak\u00fcla Cemetery<\/td><td>Harjumaa<\/td><\/tr><tr><td>Kavilda Cemetery<\/td><td>Tartumaa<\/td><\/tr><tr><td>Koeru New Cemetery<\/td><td>J\u00e4rvamaa<\/td><\/tr><tr><td>K\u00f5pu (Viljandi) Cemetery<\/td><td>Viljandimaa<\/td><\/tr><tr><td>K\u00f5rgessaare Cemetery<\/td><td>J\u00e4rvamaa<\/td><\/tr><tr><td>Kose Cemetery<\/td><td>Harjumaa<\/td><\/tr><tr><td>Kunda New Cemetery<\/td><td>L\u00e4\u00e4ne-Virumaa<\/td><\/tr><tr><td>Kunda Old Cemetery<\/td><td>L\u00e4\u00e4ne-Virumaa<\/td><\/tr><tr><td>Laanemetsa Cemetery<\/td><td>Valgamaa<\/td><\/tr><tr><td>Laitse Cemetery<\/td><td>Harjumaa<\/td><\/tr><tr><td>Laiuse Cemetery<\/td><td>J\u00f5gevamaa<\/td><\/tr><tr><td>Loksa Cemetery<\/td><td>Harjumaa<\/td><\/tr><tr><td>Maardu Cemetery<\/td><td>Harjumaa<\/td><\/tr><tr><td>M\u00e4etaguse Cemetery<\/td><td>Ida-Virumaa<\/td><\/tr><tr><td>M\u00e4rjamaa Churchyard<\/td><td>Raplamaa<\/td><\/tr><tr><td>M\u00e4rjamaa Orthodox Cemetery<\/td><td>Raplamaa<\/td><\/tr><tr><td>M\u00e4rjamaa Viilum\u00e4e Cemetery<\/td><td>Raplamaa<\/td><\/tr><tr><td>M\u00f5isak\u00fcla Cemetery<\/td><td>J\u00f5gevamaa<\/td><\/tr><tr><td>M\u00f5isak\u00fcla Cemetery<\/td><td>Viljandimaa<\/td><\/tr><tr><td>Narva-J\u00f5esuu Cemetery<\/td><td>Ida-Virumaa<\/td><\/tr><tr><td>Niitsiku Cemetery<\/td><td>V\u00f5rumaa<\/td><\/tr><tr><td>Nissi Cemetery<\/td><td>Harjumaa<\/td><\/tr><tr><td>N\u00f5o Cemetery<\/td><td>Tartumaa<\/td><\/tr><tr><td>Ohtu Cemetery<\/td><td>Harjumaa<\/td><\/tr><tr><td>Osula Cemetery<\/td><td>V\u00f5rumaa<\/td><\/tr><tr><td>Otep\u00e4\u00e4 New Cemetery<\/td><td>Valgamaa<\/td><\/tr><tr><td>Paide Reopalu Cemetery<\/td><td>J\u00e4rvamaa<\/td><\/tr><tr><td>Paide Sillaotsa Cemetery<\/td><td>J\u00e4rvamaa<\/td><\/tr><tr><td>Paikuse Cemetery<\/td><td>P\u00e4rnumaa<\/td><\/tr><tr><td>Paldiski Cemetery<\/td><td>Harjumaa<\/td><\/tr><tr><td>Paldiski Cemetery<\/td><td>Harjumaa<\/td><\/tr><tr><td>P\u00e4rnu Alevi Cemetery<\/td><td>P\u00e4rnumaa<\/td><\/tr><tr><td>P\u00e4rnu Metsakalmistu<\/td><td>P\u00e4rnumaa<\/td><\/tr><tr><td>Pihlaka Street Cemetery<\/td><td>Viljandimaa<\/td><\/tr><tr><td>P\u00f5lva Cemetery<\/td><td>P\u00f5lvamaa, P\u00f5lva<\/td><\/tr><tr><td>Puhja Cemetery<\/td><td>Tartumaa<\/td><\/tr><tr><td>Raasiku New Cemetery<\/td><td>Harjumaa<\/td><\/tr><tr><td>Randvere Cemetery<\/td><td>Harjumaa<\/td><\/tr><tr><td>Rapla Cemetery<\/td><td>Raplamaa<\/td><\/tr><tr><td>Riigik\u00fcla Cemetery<\/td><td>Ida-Virumaa<\/td><\/tr><tr><td>Rohuneeme Cemetery<\/td><td>Harjumaa<\/td><\/tr><tr><td>R\u00f5ngu Cemetery<\/td><td>Tartumaa<\/td><\/tr><tr><td>Rosma Cemetery<\/td><td>P\u00f5lvamaa, P\u00f5lva<\/td><\/tr><tr><td>Saarde Cemetery<\/td><td>P\u00e4rnumaa<\/td><\/tr><tr><td>Sangaste Cemetery<\/td><td>Valgamaa<\/td><\/tr><tr><td>Saunametsa Cemetery<\/td><td>J\u00e4rvamaa<\/td><\/tr><tr><td>Siimusti Cemetery<\/td><td>J\u00f5gevamaa<\/td><\/tr><tr><td>Sikam\u00e4e Cemetery<\/td><td>V\u00f5rumaa<\/td><\/tr><tr><td>Sillam\u00e4e Cemetery<\/td><td>Ida-Virumaa<\/td><\/tr><tr><td>Simuna Cemetery<\/td><td>L\u00e4\u00e4ne-Virumaa<\/td><\/tr><tr><td>Sinim\u00e4e Cemetery<\/td><td>Ida-Virumaa<\/td><\/tr><tr><td>Sinin\u00f5mme Cemetery<\/td><td>Ida-Virumaa<\/td><\/tr><tr><td>Suure-Jaani Cemetery<\/td><td>Viljandimaa<\/td><\/tr><tr><td>Taagepera Cemetery<\/td><td>Valgamaa<\/td><\/tr><tr><td>Tallinna Hiiu-Rahu Cemetery<\/td><td>Tallinn<\/td><\/tr><tr><td>Tallinna Kaitsev\u00e4e Cemetery<\/td><td>Tallinn<\/td><\/tr><tr><td>Tallinna Liiva Cemetery<\/td><td>Tallinn<\/td><\/tr><tr><td>Tallinna Metsakalmistu<\/td><td>Tallinn<\/td><\/tr><tr><td>Tallinna P\u00e4rnam\u00e4e Cemetery<\/td><td>Tallinn<\/td><\/tr><tr><td>Tallinna Pirita Cemetery<\/td><td>Tallinn<\/td><\/tr><tr><td>Tallinna Rahum\u00e4e Cemetery<\/td><td>Harjumaa<\/td><\/tr><tr><td>Tallinna Siselinna Cemetery<\/td><td>Tallinn<\/td><\/tr><tr><td>Tamsalu Cemetery<\/td><td>L\u00e4\u00e4ne-Virumaa<\/td><\/tr><tr><td>Tapa Cemetery<\/td><td>L\u00e4\u00e4ne-Virumaa<\/td><\/tr><tr><td>Tartu Pauluse Cemetery<\/td><td>Tartu<\/td><\/tr><tr><td>Tartu Puiestee Cemetery<\/td><td>Tartu<\/td><\/tr><tr><td>Tartu Raadi Cemetery<\/td><td>Tartu<\/td><\/tr><tr><td>Tartu Rahum\u00e4e Cemetery<\/td><td>Tartu<\/td><\/tr><tr><td>Tartu Tuigo Cemetery<\/td><td>Tartu<\/td><\/tr><tr><td>Tartu Vanausuliste Cemetery<\/td><td>Tartu<\/td><\/tr><tr><td>Tori Cemetery<\/td><td>P\u00e4rnumaa<\/td><\/tr><tr><td>T\u00f5rma Cemetery<\/td><td>L\u00e4\u00e4ne-Virumaa<\/td><\/tr><tr><td>Tudulinna Cemetery<\/td><td>Ida-Virumaa<\/td><\/tr><tr><td>Tuhala Cemetery<\/td><td>Harjumaa<\/td><\/tr><tr><td>Uduvere Cemetery<\/td><td>P\u00e4rnumaa<\/td><\/tr><tr><td>Uudek\u00fcla Cemetery<\/td><td>L\u00e4\u00e4ne-Virumaa<\/td><\/tr><tr><td>Uulu Cemetery<\/td><td>P\u00e4rnumaa<\/td><\/tr><tr><td>V\u00e4ike-Maarja New Cemetery<\/td><td>L\u00e4\u00e4ne-Virumaa<\/td><\/tr><tr><td>V\u00e4ike-Maarja Old Cemetery<\/td><td>L\u00e4\u00e4ne-Virumaa<\/td><\/tr><tr><td>Vana-P\u00e4rnu Cemetery<\/td><td>P\u00e4rnumaa<\/td><\/tr><tr><td>Vasknarva Cemetery<\/td><td>Ida-Virumaa<\/td><\/tr><tr><td>Vastseliina Cemetery<\/td><td>V\u00f5rumaa<\/td><\/tr><tr><td>Velise Cemetery<\/td><td>Raplamaa<\/td><\/tr><tr><td>Viljandi Cemetery<\/td><td>Viljandimaa<\/td><\/tr><tr><td>Viljandi Pauluse Cemetery<\/td><td>Viljandimaa<\/td><\/tr><tr><td>Viljandi Toome Cemetery<\/td><td>Viljandimaa<\/td><\/tr><tr><td>Viljandi Old Cemetery<\/td><td>Viljandimaa<\/td><\/tr><tr><td>V\u00f5ru Cemetery<\/td><td>V\u00f5rumaa<\/td><\/tr><tr><td><\/td><td><\/td><\/tr><\/tbody><\/table><\/figure>\n","protected":false},"excerpt":{"rendered":"<p>Cemetery County Aegviidu New Cemetery Harjumaa Aegviidu Old Cemetery Harjumaa Alaj\u00f5e Cemetery Ida-Virumaa Ambla Cemetery J\u00e4rvamaa Ao Cemetery L\u00e4\u00e4ne-Virumaa Audru Cemetery P\u00e4rnumaa Avinurme Cemetery J\u00f5gevamaa Elva Cemetery Tartumaa Haapsalu Cemetery L\u00e4\u00e4nemaa Haapsalu Old Cemetery L\u00e4\u00e4nemaa Halliste Cemetery Viljandimaa Hargla Cemetery Valgamaa Helme Cemetery Valgamaa Iisaku Cemetery Ida-Virumaa Illuka Cemetery Ida-Virumaa Jaama Cemetery Ida-Virumaa J\u00f5el\u00e4htme Cemetery [&hellip;]<\/p>\n","protected":false},"author":4,"featured_media":0,"parent":0,"menu_order":0,"comment_status":"closed","ping_status":"closed","template":"","meta":{"_acf_changed":false,"footnotes":""},"acf":[],"_links":{"self":[{"href":"https:\/\/kalmula.ee\/en\/wp-json\/wp\/v2\/pages\/13101"}],"collection":[{"href":"https:\/\/kalmula.ee\/en\/wp-json\/wp\/v2\/pages"}],"about":[{"href":"https:\/\/kalmula.ee\/en\/wp-json\/wp\/v2\/types\/page"}],"author":[{"embeddable":true,"href":"https:\/\/kalmula.ee\/en\/wp-json\/wp\/v2\/users\/4"}],"replies":[{"embeddable":true,"href":"https:\/\/kalmula.ee\/en\/wp-json\/wp\/v2\/comments?post=13101"}],"version-history":[{"count":4,"href":"https:\/\/kalmula.ee\/en\/wp-json\/wp\/v2\/pages\/13101\/revisions"}],"predecessor-version":[{"id":16790,"href":"https:\/\/kalmula.ee\/en\/wp-json\/wp\/v2\/pages\/13101\/revisions\/16790"}],"wp:attachment":[{"href":"https:\/\/kalmula.ee\/en\/wp-json\/wp\/v2\/media?parent=13101"}],"curies":[{"name":"wp","href":"https:\/\/api.w.org\/{rel}","templated":true}]}}