{"id":20448,"date":"2024-07-24T12:27:49","date_gmt":"2024-07-24T09:27:49","guid":{"rendered":"https:\/\/gratitudeservices.com\/teenuse-osutamise-asukohad\/"},"modified":"2025-07-01T12:36:23","modified_gmt":"2025-07-01T09:36:23","slug":"service-area","status":"publish","type":"page","link":"https:\/\/kalmula.ee\/en\/service-area\/","title":{"rendered":"We provide our services in 376 cemeteries across Estonia"},"content":{"rendered":"\n<p>If the cemetery where you want to order the service is not listed, write to us at <a href=\"mailto:info@kalmula.ee\">info@kalmula.ee<\/a>.<\/p>\n\n\n\n<figure class=\"wp-block-table alignleft is-style-stripes\"><table><tbody><tr><td><strong>Cemetery<\/strong><\/td><td><strong>County \/ City<\/strong><\/td><\/tr><tr><td>Aegviidu New Cemetery<\/td><td>Harjumaa<\/td><\/tr><tr><td>Aegviidu Old Cemetery<\/td><td>Harjumaa<\/td><\/tr><tr><td>Aruk\u00fcla Cemetery<\/td><td>Harjumaa<\/td><\/tr><tr><td>Harju-Madise Cemetery<\/td><td>Harjumaa<\/td><\/tr><tr><td>Harju-Risti Cemetery<\/td><td>Harjumaa<\/td><\/tr><tr><td>J\u00f5el\u00e4htme Cemetery<\/td><td>Harjumaa<\/td><\/tr><tr><td>J\u00fcri Cemetery<\/td><td>Harjumaa<\/td><\/tr><tr><td>J\u00fcri Church Cemetery<\/td><td>Harjumaa<\/td><\/tr><tr><td>Karjak\u00fcla Cemetery<\/td><td>Harjumaa<\/td><\/tr><tr><td>Korvi Cemetery<\/td><td>Harjumaa<\/td><\/tr><tr><td>Kose Cemetery<\/td><td>Harjumaa<\/td><\/tr><tr><td>Kuusalu Cemetery<\/td><td>Harjumaa<\/td><\/tr><tr><td>Laitse Cemetery<\/td><td>Harjumaa<\/td><\/tr><tr><td>Leesi Cemetery<\/td><td>Harjumaa<\/td><\/tr><tr><td>Loksa Cemetery<\/td><td>Harjumaa<\/td><\/tr><tr><td>Maardu Cemetery<\/td><td>Harjumaa<\/td><\/tr><tr><td>Naissaare Cemetery<\/td><td>Harjumaa<\/td><\/tr><tr><td>Nissi Cemetery<\/td><td>Harjumaa<\/td><\/tr><tr><td>Ohtu Cemetery<\/td><td>Harjumaa<\/td><\/tr><tr><td>Paldiski Cemetery<\/td><td>Harjumaa<\/td><\/tr><tr><td>Paldiski Town Cemetery<\/td><td>Harjumaa<\/td><\/tr><tr><td>Raasiku New Cemetery<\/td><td>Harjumaa<\/td><\/tr><tr><td>Raasiku Old Cemetery<\/td><td>Harjumaa<\/td><\/tr><tr><td>Rammu Cemetery<\/td><td>Harjumaa<\/td><\/tr><tr><td>Randvere Cemetery<\/td><td>Harjumaa<\/td><\/tr><tr><td>Rannam\u00f5isa Cemetery<\/td><td>Harjumaa<\/td><\/tr><tr><td>Rohuneeme Cemetery<\/td><td>Harjumaa<\/td><\/tr><tr><td>Saha Cemetery<\/td><td>Harjumaa<\/td><\/tr><tr><td>Tallinn Rahum\u00e4e Cemetery<\/td><td>Harjumaa<\/td><\/tr><tr><td>Tuhala Cemetery<\/td><td>Harjumaa<\/td><\/tr><tr><td>Vilivalla Cemetery<\/td><td>Harjumaa<\/td><\/tr><tr><td>K\u00e4rdla Cemetery<\/td><td>Hiiumaa<\/td><\/tr><tr><td>K\u00f5pu Lower Cemetery<\/td><td>Hiiumaa<\/td><\/tr><tr><td>K\u00f5pu Upper Cemetery<\/td><td>Hiiumaa<\/td><\/tr><tr><td>Malvaste Cemetery<\/td><td>Hiiumaa<\/td><\/tr><tr><td>Puski Cemetery<\/td><td>Hiiumaa<\/td><\/tr><tr><td>Reigi Cemetery<\/td><td>Hiiumaa<\/td><\/tr><tr><td>Alaj\u00f5e Cemetery<\/td><td>Ida-Virumaa<\/td><\/tr><tr><td>Iisaku Cemetery<\/td><td>Ida-Virumaa<\/td><\/tr><tr><td>Illuka Cemetery<\/td><td>Ida-Virumaa<\/td><\/tr><tr><td>Jaama Cemetery<\/td><td>Ida-Virumaa<\/td><\/tr><tr><td>J\u00f5hvi Cemetery<\/td><td>Ida-Virumaa<\/td><\/tr><tr><td>L\u00fcganuse Cemetery<\/td><td>Ida-Virumaa<\/td><\/tr><tr><td>M\u00e4etaguse Cemetery<\/td><td>Ida-Virumaa<\/td><\/tr><tr><td>Narva Peetri Cemetery<\/td><td>Ida-Virumaa<\/td><\/tr><tr><td>Narva-J\u00f5esuu Cemetery<\/td><td>Ida-Virumaa<\/td><\/tr><tr><td>P\u00fchaj\u00f5e Cemetery<\/td><td>Ida-Virumaa<\/td><\/tr><tr><td>Raudi Cemetery<\/td><td>Ida-Virumaa<\/td><\/tr><tr><td>Riigik\u00fcla Cemetery<\/td><td>Ida-Virumaa<\/td><\/tr><tr><td>Siivertsi Cemetery<\/td><td>Ida-Virumaa<\/td><\/tr><tr><td>Sillam\u00e4e Cemetery<\/td><td>Ida-Virumaa<\/td><\/tr><tr><td>Sinim\u00e4e Cemetery<\/td><td>Ida-Virumaa<\/td><\/tr><tr><td>Sinin\u00f5mme Cemetery<\/td><td>Ida-Virumaa<\/td><\/tr><tr><td>Toila Cemetery<\/td><td>Ida-Virumaa<\/td><\/tr><tr><td>Tudulinna Cemetery<\/td><td>Ida-Virumaa<\/td><\/tr><tr><td>Vasknarva Cemetery<\/td><td>Ida-Virumaa<\/td><\/tr><tr><td>Ambla Cemetery<\/td><td>J\u00e4rvamaa<\/td><\/tr><tr><td>J\u00e4rva-Jaani I Cemetery<\/td><td>J\u00e4rvamaa<\/td><\/tr><tr><td>J\u00e4rva-Jaani II Cemetery<\/td><td>J\u00e4rvamaa<\/td><\/tr><tr><td>J\u00e4rva-Jaani III Cemetery<\/td><td>J\u00e4rvamaa<\/td><\/tr><tr><td>Koeru Church Cemetery<\/td><td>J\u00e4rvamaa<\/td><\/tr><tr><td>Koeru New Cemetery<\/td><td>J\u00e4rvamaa<\/td><\/tr><tr><td>Koeru Old Cemetery<\/td><td>J\u00e4rvamaa<\/td><\/tr><tr><td>K\u00f5rgessaare Cemetery<\/td><td>J\u00e4rvamaa<\/td><\/tr><tr><td>Paide Reopalu Cemetery<\/td><td>J\u00e4rvamaa<\/td><\/tr><tr><td>Paide Sillaotsa Cemetery<\/td><td>J\u00e4rvamaa<\/td><\/tr><tr><td>Saunametsa Cemetery<\/td><td>J\u00e4rvamaa<\/td><\/tr><tr><td>T\u00fcri Town Cemetery<\/td><td>J\u00e4rvamaa<\/td><\/tr><tr><td>Avinurme Cemetery<\/td><td>J\u00f5gevamaa<\/td><\/tr><tr><td>Kaarepere Cemetery<\/td><td>J\u00f5gevamaa<\/td><\/tr><tr><td>Kursi Cemetery<\/td><td>J\u00f5gevamaa<\/td><\/tr><tr><td>K\u00fctim\u00e4e Cemetery<\/td><td>J\u00f5gevamaa<\/td><\/tr><tr><td>Laiuse Cemetery<\/td><td>J\u00f5gevamaa<\/td><\/tr><tr><td>Maarja-Magdaleena Cemetery<\/td><td>J\u00f5gevamaa<\/td><\/tr><tr><td>M\u00f5isak\u00fcla Cemetery<\/td><td>J\u00f5gevamaa<\/td><\/tr><tr><td>Palamuse Cemetery<\/td><td>J\u00f5gevamaa<\/td><\/tr><tr><td>P\u00f5ltsamaa Cemetery<\/td><td>J\u00f5gevamaa<\/td><\/tr><tr><td>Saduk\u00fcla Cemetery<\/td><td>J\u00f5gevamaa<\/td><\/tr><tr><td>Siimusti Cemetery<\/td><td>J\u00f5gevamaa<\/td><\/tr><tr><td>T\u00f5reda Cemetery<\/td><td>J\u00f5gevamaa<\/td><\/tr><tr><td>Torma Cemetery<\/td><td>J\u00f5gevamaa<\/td><\/tr><tr><td>Ao Cemetery<\/td><td>L\u00e4\u00e4ne-Virumaa<\/td><\/tr><tr><td>Esku Cemetery<\/td><td>L\u00e4\u00e4ne-Virumaa<\/td><\/tr><tr><td>Haljala Cemetery<\/td><td>L\u00e4\u00e4ne-Virumaa<\/td><\/tr><tr><td>Ilum\u00e4e Cemetery<\/td><td>L\u00e4\u00e4ne-Virumaa<\/td><\/tr><tr><td>K\u00e4smu Cemetery<\/td><td>L\u00e4\u00e4ne-Virumaa<\/td><\/tr><tr><td>Kunda New Cemetery<\/td><td>L\u00e4\u00e4ne-Virumaa<\/td><\/tr><tr><td>Kunda Old Cemetery<\/td><td>L\u00e4\u00e4ne-Virumaa<\/td><\/tr><tr><td>Rakvere Jewish Cemetery<\/td><td>L\u00e4\u00e4ne-Virumaa<\/td><\/tr><tr><td>Rakvere Town Cemetery<\/td><td>L\u00e4\u00e4ne-Virumaa<\/td><\/tr><tr><td>Rakvere Palermo Cemetery<\/td><td>L\u00e4\u00e4ne-Virumaa<\/td><\/tr><tr><td>Rakvere Pauluse Cemetery<\/td><td>L\u00e4\u00e4ne-Virumaa<\/td><\/tr><tr><td>Simuna Cemetery<\/td><td>L\u00e4\u00e4ne-Virumaa<\/td><\/tr><tr><td>Tamsalu Cemetery<\/td><td>L\u00e4\u00e4ne-Virumaa<\/td><\/tr><tr><td>Tapa Cemetery<\/td><td>L\u00e4\u00e4ne-Virumaa<\/td><\/tr><tr><td>T\u00f5rma Cemetery<\/td><td>L\u00e4\u00e4ne-Virumaa<\/td><\/tr><tr><td>Tudu Cemetery<\/td><td>L\u00e4\u00e4ne-Virumaa<\/td><\/tr><tr><td>Uudek\u00fcla Cemetery<\/td><td>L\u00e4\u00e4ne-Virumaa<\/td><\/tr><tr><td>V\u00e4ike-Maarja New Cemetery<\/td><td>L\u00e4\u00e4ne-Virumaa<\/td><\/tr><tr><td>V\u00e4ike-Maarja Old Cemetery<\/td><td>L\u00e4\u00e4ne-Virumaa<\/td><\/tr><tr><td>Vainupea Cemetery<\/td><td>L\u00e4\u00e4ne-Virumaa<\/td><\/tr><tr><td>Viru-Jaagupi Cemetery<\/td><td>L\u00e4\u00e4ne-Virumaa<\/td><\/tr><tr><td>Viru-Nigula Cemetery<\/td><td>L\u00e4\u00e4ne-Virumaa<\/td><\/tr><tr><td>Haapsalu Metsakalmistu<\/td><td>L\u00e4\u00e4nemaa<\/td><\/tr><tr><td>Haapsalu Old Cemetery<\/td><td>L\u00e4\u00e4nemaa<\/td><\/tr><tr><td>Hanila Cemetery<\/td><td>L\u00e4\u00e4nemaa<\/td><\/tr><tr><td>Kabelim\u00e4e Cemetery<\/td><td>L\u00e4\u00e4nemaa<\/td><\/tr><tr><td>Koela Cemetery<\/td><td>L\u00e4\u00e4nemaa<\/td><\/tr><tr><td>Kuij\u00f5e Cemetery<\/td><td>L\u00e4\u00e4nemaa<\/td><\/tr><tr><td>L\u00e4\u00e4ne-Nigula Church Cemetery<\/td><td>L\u00e4\u00e4nemaa<\/td><\/tr><tr><td>Leedik\u00fcla Cemetery<\/td><td>L\u00e4\u00e4nemaa<\/td><\/tr><tr><td>Martna Cemetery<\/td><td>L\u00e4\u00e4nemaa<\/td><\/tr><tr><td>Noarootsi Cemetery<\/td><td>L\u00e4\u00e4nemaa<\/td><\/tr><tr><td>N\u00f5va Cemetery<\/td><td>L\u00e4\u00e4nemaa<\/td><\/tr><tr><td>Piirsalu New Cemetery<\/td><td>L\u00e4\u00e4nemaa<\/td><\/tr><tr><td>Piirsalu Old Cemetery<\/td><td>L\u00e4\u00e4nemaa<\/td><\/tr><tr><td>Ridala Church Cemetery<\/td><td>L\u00e4\u00e4nemaa<\/td><\/tr><tr><td>Ridala New Cemetery<\/td><td>L\u00e4\u00e4nemaa<\/td><\/tr><tr><td>Ridala Old Cemetery<\/td><td>L\u00e4\u00e4nemaa<\/td><\/tr><tr><td>Rooslepa Cemetery<\/td><td>L\u00e4\u00e4nemaa<\/td><\/tr><tr><td>Sinalepa Cemetery<\/td><td>L\u00e4\u00e4nemaa<\/td><\/tr><tr><td>Sutlepa Cemetery<\/td><td>L\u00e4\u00e4nemaa<\/td><\/tr><tr><td>V\u00e4ike-L\u00e4htru Cemetery<\/td><td>L\u00e4\u00e4nemaa<\/td><\/tr><tr><td>Vedra Cemetery<\/td><td>L\u00e4\u00e4nemaa<\/td><\/tr><tr><td>Vormsi Cemetery<\/td><td>L\u00e4\u00e4nemaa, Vormsi<\/td><\/tr><tr><td>Allik\u00f5nnu Cemetery<\/td><td>P\u00e4rnumaa<\/td><\/tr><tr><td>Audru Cemetery<\/td><td>P\u00e4rnumaa<\/td><\/tr><tr><td>H\u00e4\u00e4demeeste Orthodox Cemetery<\/td><td>P\u00e4rnumaa<\/td><\/tr><tr><td>H\u00e4\u00e4demeeste Lutherian Cemetery<\/td><td>P\u00e4rnumaa<\/td><\/tr><tr><td>J\u00f5\u00f5pre Cemetery<\/td><td>P\u00e4rnumaa<\/td><\/tr><tr><td>Kaansoo Cemetery<\/td><td>P\u00e4rnumaa<\/td><\/tr><tr><td>Kalli Cemetery<\/td><td>P\u00e4rnumaa<\/td><\/tr><tr><td>Karuse Cemetery<\/td><td>P\u00e4rnumaa<\/td><\/tr><tr><td>Kastna Cemetery<\/td><td>P\u00e4rnumaa<\/td><\/tr><tr><td>Kergu Lutherian Cemetery<\/td><td>P\u00e4rnumaa<\/td><\/tr><tr><td>Kergu Orthodox Cemetery<\/td><td>P\u00e4rnumaa<\/td><\/tr><tr><td>Kilingi-N\u00f5mme Russian Orthodox Cemetery<\/td><td>P\u00e4rnumaa<\/td><\/tr><tr><td>Kirbla Cemetery<\/td><td>P\u00e4rnumaa<\/td><\/tr><tr><td>Kirbla Old Cemetery<\/td><td>P\u00e4rnumaa<\/td><\/tr><tr><td>K\u00f5msi Cemetery<\/td><td>P\u00e4rnumaa<\/td><\/tr><tr><td>K\u00f5pu (P\u00e4rnumaa) Cemetery<\/td><td>P\u00e4rnumaa<\/td><\/tr><tr><td>Lihula Uus (I) Cemetery<\/td><td>P\u00e4rnumaa<\/td><\/tr><tr><td>Lihula-Kabeli Cemetery<\/td><td>P\u00e4rnumaa<\/td><\/tr><tr><td>Lihula-Vene Cemetery<\/td><td>P\u00e4rnumaa<\/td><\/tr><tr><td>Metsak\u00fcla Cemetery<\/td><td>P\u00e4rnumaa<\/td><\/tr><tr><td>Mihkli Cemetery<\/td><td>P\u00e4rnumaa<\/td><\/tr><tr><td>Paadrema Cemetery<\/td><td>P\u00e4rnumaa<\/td><\/tr><tr><td>Paikuse Cemetery<\/td><td>P\u00e4rnumaa<\/td><\/tr><tr><td>P\u00e4rnu Borough Cemetery<\/td><td>P\u00e4rnumaa<\/td><\/tr><tr><td>P\u00e4rnu Metsakalmistu<\/td><td>P\u00e4rnumaa<\/td><\/tr><tr><td>P\u00e4rnu-Jaagupi Cemetery<\/td><td>P\u00e4rnumaa<\/td><\/tr><tr><td>Saarde Cemetery<\/td><td>P\u00e4rnumaa<\/td><\/tr><tr><td>Seliste Cemetery<\/td><td>P\u00e4rnumaa<\/td><\/tr><tr><td>Sindi New Cemetery<\/td><td>P\u00e4rnumaa<\/td><\/tr><tr><td>Sindi Old Cemetery<\/td><td>P\u00e4rnumaa<\/td><\/tr><tr><td>Surju Orthodox Cemetery<\/td><td>P\u00e4rnumaa<\/td><\/tr><tr><td>Surju Lutherian Cemetery<\/td><td>P\u00e4rnumaa<\/td><\/tr><tr><td>T\u00f5hela Cemetery<\/td><td>P\u00e4rnumaa<\/td><\/tr><tr><td>Tori Cemetery<\/td><td>P\u00e4rnumaa<\/td><\/tr><tr><td>T\u00f5stamaa Cemetery<\/td><td>P\u00e4rnumaa<\/td><\/tr><tr><td>Treimani Cemetery<\/td><td>P\u00e4rnumaa<\/td><\/tr><tr><td>Tuudi-Sause Cemetery<\/td><td>P\u00e4rnumaa<\/td><\/tr><tr><td>Uduvere Cemetery<\/td><td>P\u00e4rnumaa<\/td><\/tr><tr><td>Urissaare Cemetery<\/td><td>P\u00e4rnumaa<\/td><\/tr><tr><td>Uruste Cemetery<\/td><td>P\u00e4rnumaa<\/td><\/tr><tr><td>Uulu Cemetery<\/td><td>P\u00e4rnumaa<\/td><\/tr><tr><td>Vana-P\u00e4rnu Cemetery<\/td><td>P\u00e4rnumaa<\/td><\/tr><tr><td>V\u00e4ndra Cemetery<\/td><td>P\u00e4rnumaa<\/td><\/tr><tr><td>Varbla Cemetery<\/td><td>P\u00e4rnumaa<\/td><\/tr><tr><td>V\u00f5iste Cemetery<\/td><td>P\u00e4rnumaa<\/td><\/tr><tr><td>Ahja Cemetery<\/td><td>P\u00f5lvamaa<\/td><\/tr><tr><td>Jaanim\u00f5isa Cemetery<\/td><td>P\u00f5lvamaa<\/td><\/tr><tr><td>K\u00e4hri Cemetery<\/td><td>P\u00f5lvamaa<\/td><\/tr><tr><td>Kanepi-Ala Cemetery<\/td><td>P\u00f5lvamaa<\/td><\/tr><tr><td>Kanepi-M\u00e4e Cemetery<\/td><td>P\u00f5lvamaa<\/td><\/tr><tr><td>Lepistu Cemetery<\/td><td>P\u00f5lvamaa<\/td><\/tr><tr><td>Maaritsa Cemetery<\/td><td>P\u00f5lvamaa<\/td><\/tr><tr><td>P\u00f5lva Town Cemetery<\/td><td>P\u00f5lvamaa, P\u00f5lva<\/td><\/tr><tr><td>Rosma Cemetery<\/td><td>P\u00f5lvamaa, P\u00f5lva<\/td><\/tr><tr><td>Ristipalo Cemetery<\/td><td>P\u00f5lvamaa, R\u00e4pina<\/td><\/tr><tr><td>Hageri Cemetery<\/td><td>Raplamaa<\/td><\/tr><tr><td>J\u00e4rvakandi Cemetery<\/td><td>Raplamaa<\/td><\/tr><tr><td>Juuru Cemetery<\/td><td>Raplamaa<\/td><\/tr><tr><td>Juuru \u00f5igeusu Cemetery<\/td><td>Raplamaa<\/td><\/tr><tr><td>K\u00e4ru Cemetery<\/td><td>Raplamaa<\/td><\/tr><tr><td>Kehtna Cemetery<\/td><td>Raplamaa<\/td><\/tr><tr><td>Kohila Cemetery<\/td><td>Raplamaa<\/td><\/tr><tr><td>Lelle Cemetery<\/td><td>Raplamaa<\/td><\/tr><tr><td>M\u00e4rjamaa Church Cemetery<\/td><td>Raplamaa<\/td><\/tr><tr><td>M\u00e4rjamaa Orthodox Cemetery<\/td><td>Raplamaa<\/td><\/tr><tr><td>M\u00e4rjamaa Viilum\u00e4e Cemetery<\/td><td>Raplamaa<\/td><\/tr><tr><td>Rapla Cemetery<\/td><td>Raplamaa<\/td><\/tr><tr><td>Vahastu Cemetery<\/td><td>Raplamaa<\/td><\/tr><tr><td>Velise Cemetery<\/td><td>Raplamaa<\/td><\/tr><tr><td>Vigala Cemetery<\/td><td>Raplamaa<\/td><\/tr><tr><td>Abruka Cemetery<\/td><td>Saaremaa<\/td><\/tr><tr><td>Ansek\u00fcla Cemetery<\/td><td>Saaremaa<\/td><\/tr><tr><td>Hellamaa Cemetery<\/td><td>Saaremaa<\/td><\/tr><tr><td>Jaani Cemetery<\/td><td>Saaremaa<\/td><\/tr><tr><td>J\u00e4maja Cemetery<\/td><td>Saaremaa<\/td><\/tr><tr><td>Kaarma Cemetery<\/td><td>Saaremaa<\/td><\/tr><tr><td>Kaarma-Liiva Cemetery<\/td><td>Saaremaa<\/td><\/tr><tr><td>Kahtla Cemetery<\/td><td>Saaremaa<\/td><\/tr><tr><td>Karja Cemetery<\/td><td>Saaremaa<\/td><\/tr><tr><td>K\u00e4rla Cemetery<\/td><td>Saaremaa<\/td><\/tr><tr><td>Kavandi Cemetery<\/td><td>Saaremaa<\/td><\/tr><tr><td>Kihelkonna Cemetery<\/td><td>Saaremaa<\/td><\/tr><tr><td>Kudjape Cemetery<\/td><td>Saaremaa<\/td><\/tr><tr><td>Leisi Cemetery<\/td><td>Saaremaa<\/td><\/tr><tr><td>L\u00fcmanda Cemetery<\/td><td>Saaremaa<\/td><\/tr><tr><td>Massin\u00f5mme Cemetery<\/td><td>Saaremaa<\/td><\/tr><tr><td>Metsk\u00fcla Cemetery<\/td><td>Saaremaa<\/td><\/tr><tr><td>M\u00f5nnuste Cemetery<\/td><td>Saaremaa<\/td><\/tr><tr><td>Muhu Liiva Cemetery<\/td><td>Saaremaa<\/td><\/tr><tr><td>Mustjala\/Silla Cemetery<\/td><td>Saaremaa<\/td><\/tr><tr><td>\u00d6\u00f6riku Cemetery<\/td><td>Saaremaa<\/td><\/tr><tr><td>P\u00e4rsama Cemetery<\/td><td>Saaremaa<\/td><\/tr><tr><td>Piila Cemetery<\/td><td>Saaremaa<\/td><\/tr><tr><td>P\u00f6ide Cemetery<\/td><td>Saaremaa<\/td><\/tr><tr><td>P\u00fcha Cemetery<\/td><td>Saaremaa<\/td><\/tr><tr><td>R\u00e4imaste Cemetery<\/td><td>Saaremaa<\/td><\/tr><tr><td>Reom\u00e4e Cemetery<\/td><td>Saaremaa<\/td><\/tr><tr><td>Rinsi Cemetery<\/td><td>Saaremaa<\/td><\/tr><tr><td>Saia Cemetery<\/td><td>Saaremaa<\/td><\/tr><tr><td>Saikla-N\u00f5mme Cemetery<\/td><td>Saaremaa<\/td><\/tr><tr><td>Sepam\u00e4e Cemetery<\/td><td>Saaremaa<\/td><\/tr><tr><td>Tornim\u00e4e Cemetery<\/td><td>Saaremaa<\/td><\/tr><tr><td>Valjala Cemetery<\/td><td>Saaremaa<\/td><\/tr><tr><td>Vana-Torgu Cemetery<\/td><td>Saaremaa<\/td><\/tr><tr><td>Hiiu-Rahu Cemetery<\/td><td>Tallinn<\/td><\/tr><tr><td>Kaitsev\u00e4e Cemetery<\/td><td>Tallinn<\/td><\/tr><tr><td>Liiva Cemetery<\/td><td>Tallinn<\/td><\/tr><tr><td>Metsakalmistu<\/td><td>Tallinn<\/td><\/tr><tr><td>P\u00e4rnam\u00e4e Cemetery<\/td><td>Tallinn<\/td><\/tr><tr><td>Pirita Cemetery<\/td><td>Tallinn<\/td><\/tr><tr><td>Siselinna Cemetery<\/td><td>Tallinn<\/td><\/tr><tr><td>Pauluse Cemetery<\/td><td>Tartu<\/td><\/tr><tr><td>Puiestee Cemetery<\/td><td>Tartu<\/td><\/tr><tr><td>Raadi Cemetery<\/td><td>Tartu<\/td><\/tr><tr><td>Rahum\u00e4e Cemetery<\/td><td>Tartu<\/td><\/tr><tr><td>Tuigo Cemetery<\/td><td>Tartu<\/td><\/tr><tr><td>Vanausuliste Cemetery<\/td><td>Tartu<\/td><\/tr><tr><td>Ahunapalu Cemetery<\/td><td>Tartumaa<\/td><\/tr><tr><td>Alatskivi Cemetery<\/td><td>Tartumaa<\/td><\/tr><tr><td>\u00c4ksi Cemetery<\/td><td>Tartumaa<\/td><\/tr><tr><td>Elva Cemetery<\/td><td>Tartumaa<\/td><\/tr><tr><td>Kambja Cemetery<\/td><td>Tartumaa<\/td><\/tr><tr><td>Kavilda Cemetery<\/td><td>Tartumaa<\/td><\/tr><tr><td>Kodavere Cemetery<\/td><td>Tartumaa<\/td><\/tr><tr><td>N\u00f5o Cemetery<\/td><td>Tartumaa<\/td><\/tr><tr><td>Puhja Cemetery<\/td><td>Tartumaa<\/td><\/tr><tr><td>Rannu Cemetery<\/td><td>Tartumaa<\/td><\/tr><tr><td>R\u00f5ngu Cemetery<\/td><td>Tartumaa<\/td><\/tr><tr><td>Sikam\u00e4e Cemetery<\/td><td>Tartumaa<\/td><\/tr><tr><td>V\u00f5nnu New Cemetery<\/td><td>Tartumaa<\/td><\/tr><tr><td>V\u00f5nnu Old Cemetery<\/td><td>Tartumaa<\/td><\/tr><tr><td>Hargla Cemetery<\/td><td>Valgamaa<\/td><\/tr><tr><td>Helme Cemetery<\/td><td>Valgamaa<\/td><\/tr><tr><td>Ilmj\u00e4rve Cemetery<\/td><td>Valgamaa<\/td><\/tr><tr><td>Karula Cemetery<\/td><td>Valgamaa<\/td><\/tr><tr><td>Karula vana Cemetery<\/td><td>Valgamaa<\/td><\/tr><tr><td>Laanemetsa Cemetery<\/td><td>Valgamaa<\/td><\/tr><tr><td>Laatre I Cemetery<\/td><td>Valgamaa<\/td><\/tr><tr><td>Laatre II Cemetery<\/td><td>Valgamaa<\/td><\/tr><tr><td>Otep\u00e4\u00e4 New Cemetery<\/td><td>Valgamaa<\/td><\/tr><tr><td>Otep\u00e4\u00e4 Old Cemetery<\/td><td>Valgamaa<\/td><\/tr><tr><td>Puka Cemetery<\/td><td>Valgamaa<\/td><\/tr><tr><td>Sangaste Cemetery<\/td><td>Valgamaa<\/td><\/tr><tr><td>Taagepera Cemetery<\/td><td>Valgamaa<\/td><\/tr><tr><td>Valga Priimetsa Cemetery<\/td><td>Valgamaa<\/td><\/tr><tr><td>Valga Priipalu Cemetery<\/td><td>Valgamaa<\/td><\/tr><tr><td>Valga Tartu mnt. Cemetery<\/td><td>Valgamaa<\/td><\/tr><tr><td>Valga Tartu street Cemetery<\/td><td>Valgamaa<\/td><\/tr><tr><td>Valga Toogipalu Cemetery<\/td><td>Valgamaa<\/td><\/tr><tr><td>Vissi Cemetery<\/td><td>Valgamaa<\/td><\/tr><tr><td>Abja Cemetery<\/td><td>Viljandimaa<\/td><\/tr><tr><td>Arussaare Cemetery<\/td><td>Viljandimaa<\/td><\/tr><tr><td>Halliste Cemetery<\/td><td>Viljandimaa<\/td><\/tr><tr><td>Karksi-Nuia Papi Cemetery<\/td><td>Viljandimaa<\/td><\/tr><tr><td>Karksi-Nuia Rahum\u00e4e Cemetery<\/td><td>Viljandimaa<\/td><\/tr><tr><td>Kolga-Jaani Cemetery<\/td><td>Viljandimaa<\/td><\/tr><tr><td>K\u00f5pu (Viljandi) Cemetery<\/td><td>Viljandimaa<\/td><\/tr><tr><td>Lalsi Cemetery<\/td><td>Viljandimaa<\/td><\/tr><tr><td>M\u00f5isak\u00fcla Cemetery<\/td><td>Viljandimaa<\/td><\/tr><tr><td>Paistu Cemetery<\/td><td>Viljandimaa<\/td><\/tr><tr><td>Penuja Cemetery<\/td><td>Viljandimaa<\/td><\/tr><tr><td>Pihlaka puiestee Cemetery<\/td><td>Viljandimaa<\/td><\/tr><tr><td>Pilistvere Cemetery<\/td><td>Viljandimaa<\/td><\/tr><tr><td>Suislepa Cemetery<\/td><td>Viljandimaa<\/td><\/tr><tr><td>Suure-Jaani<\/td><td>Viljandimaa<\/td><\/tr><tr><td>Suure-Jaani Cemetery<\/td><td>Viljandimaa<\/td><\/tr><tr><td>T\u00e4nassilma Cemetery<\/td><td>Viljandimaa<\/td><\/tr><tr><td>Tarvastu Cemetery<\/td><td>Viljandimaa<\/td><\/tr><tr><td>Viljandi Hiie Cemetery<\/td><td>Viljandimaa<\/td><\/tr><tr><td>Viljandi Juudi Cemetery<\/td><td>Viljandimaa<\/td><\/tr><tr><td>Viljandi Metsakalmistu<\/td><td>Viljandimaa<\/td><\/tr><tr><td>Viljandi Pauluse Cemetery<\/td><td>Viljandimaa<\/td><\/tr><tr><td>Viljandi Toome Cemetery<\/td><td>Viljandimaa<\/td><\/tr><tr><td>Viljandi Vana Cemetery<\/td><td>Viljandimaa<\/td><\/tr><tr><td>Antsla Metsakalmistu<\/td><td>V\u00f5rumaa<\/td><\/tr><tr><td>Beresje Cemetery<\/td><td>V\u00f5rumaa<\/td><\/tr><tr><td>Jaanipeebu Cemetery<\/td><td>V\u00f5rumaa<\/td><\/tr><tr><td>Kaika Cemetery<\/td><td>V\u00f5rumaa<\/td><\/tr><tr><td>Kraavi Cemetery<\/td><td>V\u00f5rumaa<\/td><\/tr><tr><td>Laossina Cemetery<\/td><td>V\u00f5rumaa<\/td><\/tr><tr><td>Luhamaa Cemetery<\/td><td>V\u00f5rumaa<\/td><\/tr><tr><td>Misso Cemetery<\/td><td>V\u00f5rumaa<\/td><\/tr><tr><td>Niitsiku Cemetery<\/td><td>V\u00f5rumaa<\/td><\/tr><tr><td>Nogopalu Cemetery<\/td><td>V\u00f5rumaa<\/td><\/tr><tr><td>Obinitsa Cemetery<\/td><td>V\u00f5rumaa<\/td><\/tr><tr><td>Osula Cemetery<\/td><td>V\u00f5rumaa<\/td><\/tr><tr><td>Pindi Cemetery<\/td><td>V\u00f5rumaa<\/td><\/tr><tr><td>Plaani Cemetery<\/td><td>V\u00f5rumaa<\/td><\/tr><tr><td>P\u00fctsepa Cemetery<\/td><td>V\u00f5rumaa<\/td><\/tr><tr><td>Ritsiku Cemetery<\/td><td>V\u00f5rumaa<\/td><\/tr><tr><td>R\u00f5uge Old Cemetery<\/td><td>V\u00f5rumaa<\/td><\/tr><tr><td>Saatse Cemetery<\/td><td>V\u00f5rumaa<\/td><\/tr><tr><td>Urvaste Cemetery<\/td><td>V\u00f5rumaa<\/td><\/tr><tr><td>Vana-Roosa Cemetery<\/td><td>V\u00f5rumaa<\/td><\/tr><tr><td>V\u00e4rska\/Podmotsa Cemetery<\/td><td>V\u00f5rumaa<\/td><\/tr><tr><td>Vastse-Roosa Cemetery<\/td><td>V\u00f5rumaa<\/td><\/tr><tr><td>Vastseliina Cemetery<\/td><td>V\u00f5rumaa<\/td><\/tr><tr><td>V\u00f5ru Cemetery<\/td><td>V\u00f5rumaa<\/td><\/tr><\/tbody><\/table><\/figure>\n","protected":false},"excerpt":{"rendered":"<p>If the cemetery where you want to order the service is not listed, write to us at info@kalmula.ee. Cemetery County \/ City Aegviidu New Cemetery Harjumaa Aegviidu Old Cemetery Harjumaa Aruk\u00fcla Cemetery Harjumaa Harju-Madise Cemetery Harjumaa Harju-Risti Cemetery Harjumaa J\u00f5el\u00e4htme Cemetery Harjumaa J\u00fcri Cemetery Harjumaa J\u00fcri Church Cemetery Harjumaa Karjak\u00fcla Cemetery Harjumaa Korvi Cemetery Harjumaa [&hellip;]<\/p>\n","protected":false},"author":4,"featured_media":0,"parent":0,"menu_order":0,"comment_status":"closed","ping_status":"closed","template":"","meta":{"_acf_changed":false,"footnotes":""},"acf":[],"_links":{"self":[{"href":"https:\/\/kalmula.ee\/en\/wp-json\/wp\/v2\/pages\/20448"}],"collection":[{"href":"https:\/\/kalmula.ee\/en\/wp-json\/wp\/v2\/pages"}],"about":[{"href":"https:\/\/kalmula.ee\/en\/wp-json\/wp\/v2\/types\/page"}],"author":[{"embeddable":true,"href":"https:\/\/kalmula.ee\/en\/wp-json\/wp\/v2\/users\/4"}],"replies":[{"embeddable":true,"href":"https:\/\/kalmula.ee\/en\/wp-json\/wp\/v2\/comments?post=20448"}],"version-history":[{"count":8,"href":"https:\/\/kalmula.ee\/en\/wp-json\/wp\/v2\/pages\/20448\/revisions"}],"predecessor-version":[{"id":301591,"href":"https:\/\/kalmula.ee\/en\/wp-json\/wp\/v2\/pages\/20448\/revisions\/301591"}],"wp:attachment":[{"href":"https:\/\/kalmula.ee\/en\/wp-json\/wp\/v2\/media?parent=20448"}],"curies":[{"name":"wp","href":"https:\/\/api.w.org\/{rel}","templated":true}]}}